{"id":290,"date":"2016-06-11T15:11:32","date_gmt":"2016-06-11T13:11:32","guid":{"rendered":"http:\/\/wimpfen-geschichte.de\/von_wimpffen\/?page_id=290"},"modified":"2020-02-22T12:20:18","modified_gmt":"2020-02-22T11:20:18","slug":"daenischer-zweig","status":"publish","type":"page","link":"https:\/\/wimpfen-geschichte.de\/von_wimpffen\/thema\/daenischer-zweig\/","title":{"rendered":"M. D\u00e4nischer Zweig"},"content":{"rendered":"<p><strong>Wie aus dem zweit\u00e4ltesten Sohn des Johann Friedrich namens GEORG ABRAHAM VON WIMPFFEN (geb. 1648) der Generation 9 (bei Wurzbach X) \u00fcber seinen Urenkel TOBIAS PETER (1767 \u2013 1813) der sog. D\u00e4nische Zweig derer Von Wimpffen herausw\u00e4chst, welcher 1867 mit FRIEDRICH OTTO (1849 \u2013 1867) in der m\u00e4nnlichen Erbfolge zwar ausstirbt, doch in D\u00e4nemark unter dem Namen WIMPFFEN BRAESTRUP weiterbesteht.<\/strong><\/p>\n<p>Bevor wir nun das weitere Schicksal des Letztgenannten unter sukzessiver Aussch\u00f6pfung der II. Stammtafel des Constantin von Wurzbach darzustellen suchen, erscheint es angebracht, vorrangig noch einmal dessen I. Stammtafel in ihrer G\u00e4nze dadurch vollends abzuhandeln, dass die in ihrer unteren H\u00e4lfte dargestellte Fortentwicklung des sog. Aelteren Hauptastes mit dem Werden und Wirken des in der Generation XIII aus diesem herausgewachsenen sog. D\u00e4nischen Zweiges derer Von Wimpffen aufgezeigt wird. Somit sei diese hier noch einmal gezeigt, und zwar so, wie sie in ihrer ver\u00e4nderten (korrigierten und erweiterten) Form bereits in der Abbildung L 2 des Vorkapitels L. Adelswerdung erschienen ist:<\/p>\n<p><a href=\"http:\/\/wimpfen-geschichte.de\/von_wimpffen\/wp-content\/uploads\/2017\/08\/041a.jpg\"><img loading=\"lazy\" decoding=\"async\" class=\"zoooom alignnone wp-image-1784 size-full\" src=\"http:\/\/wimpfen-geschichte.de\/von_wimpffen\/wp-content\/uploads\/2017\/08\/041a.jpg\" alt=\"\" width=\"2100\" height=\"3063\" srcset=\"https:\/\/wimpfen-geschichte.de\/von_wimpffen\/wp-content\/uploads\/2017\/08\/041a.jpg 2100w, https:\/\/wimpfen-geschichte.de\/von_wimpffen\/wp-content\/uploads\/2017\/08\/041a-206x300.jpg 206w, https:\/\/wimpfen-geschichte.de\/von_wimpffen\/wp-content\/uploads\/2017\/08\/041a-702x1024.jpg 702w\" sizes=\"(max-width: 2100px) 100vw, 2100px\" \/><\/a><\/p>\n<ul>\n<li><strong>Abb. M 1: Die <\/strong><strong>I. Stammtafel der Freiherren und Grafen von Wimpffen. Aeltere Linie; entnommen dem 1888 erschienenen genealogischen Standardwerk des Constantin von Wurzbach \u201eDie Freiherren und Grafen von Wimpffen &#8230; Mit zwei Stammtafeln\u201d; wiedergegeben in der bereits an fr\u00fcherer Stelle gezeigten (durch Erg\u00e4nzungen und Korrekturen ver\u00e4nderten) Form.<\/strong><\/li>\n<\/ul>\n<p>Beim f\u00fcrs Erste empfohlenen \u00dcberblicken der dort dargestellten Generationen I &#8211; XV sollte man sich das vergegenw\u00e4rtigen, was schon in den vorangegangenen Kapiteln gr\u00f6\u00dftenteils dargelegt wurde und im Fortgang vollends erg\u00e4nzend gesagt werden wird, n\u00e4mlich: W\u00e4hrend die dort f\u00fcr die Generationen I bis IX angegebenen Namens-, Berufs- und Zeitdaten sowohl der m\u00e4nnlichen wie weiblichen Glieder &#8211; ausgenommen: vielleicht den Vornamen SIGISMUND der Gen. I; mit Sicherheit die Vor- und Nachnamen JOHANN FRIEDRICH und JOHANN DIETRICH VON WIMPFFEN und deren Gattinnen 1) und 2) der Generation IX &#8211; \u00a0durchweg als unzutreffend bezeichnet werden m\u00fcssen, k\u00f6nnen s\u00e4mtliche Angaben bez\u00fcglich der Glieder der Generationen X &#8211; XV (und damit auch bez\u00fcglich des unter XIII &#8211; XV zu findenden sog. D\u00e4nischen Zweiges), Kleinigkeiten ausgenommen, als stimmig angesehen werden. Dieses muss, auch wenn bez\u00fcglich der in Constantin von Wurzbachs I. Stammtafel pr\u00e4sentierten Generationen I bis VIII und teilweise auch noch IX kaum Stimmiges zu finden ist, nicht wundernehmen und findet seine Erkl\u00e4rung nat\u00fcrlich erstrangig aus dem mit zunehmender Zeitn\u00e4he gegebenen Vorhandensein zuverl\u00e4ssiger Quellen.<\/p>\n<p>Wenngleich Waldau, um nunmehr auf die Generationsreihe X zu verweisen und somit zum hier zur Behandlung gelangenden sog. D\u00e4nischen Zweig hinzuf\u00fchren, was den zweit\u00e4ltesten Sohn des JOHANN FRIEDRICH namens GEORG ABRAHAM betrifft, nur von dessen Ehe mit ANNA KATHARINA VIATIS\u00a0und deren Tochter MARIA HELENA zu berichten wei\u00df und dazuhin feststellt, er wisse nicht, ob die beiden \u00e4lteren Br\u00fcder Georg Abraham und Johann Christoph sich auch in der m\u00e4nnlichen Linie fortgepflanzt h\u00e4tten, kann er die folgende aufschlussreiche Angabe \u00fcber eventuelle sp\u00e4tere Nachkommen der Generationen XII und XIII derselben machen (zum Zwecke ihrer Hervorhebung sind die Zielnamen hier, auch die an sp\u00e4terer Stelle aufgef\u00fchrten solchen, in Gro\u00dfbuchstaben wiedergegeben): <em>\u201eIn unserer Nachbarschaft, dem Sulzbachischen St\u00e4dtgen oder Marktflecken K\u00f6nigstein<\/em> (heute: Markt K\u00f6nigstein in der Oberpfalz\/Fr\u00e4nkische Schweiz-Veldensteiner Forst)<em>, lebt noch ein\u00a0HERR VON WIMPFFEN von dieser Familie, der eine geborne\u00a0ALTIN zur Gattin, einen Sohn in D\u00e4nischen Kriegsdiensten und eine Tochter hat; ich kann aber nicht sagen, ob er von der\u00a0<\/em><i>JOHANN CARLISCHEN BRANCHE <\/i>(gemeint ist der J\u00fcngste der Geschwister namens JOHANNES oder HANS CARL)<em> ist, oder ob er von einem der \u00e4lteren Br\u00fcder <\/em>(gemeint sind: JOHANN CHRISTOPH\u00a0und GEORG ABRAHAM; vom schon vor dem Vater verstorbenen \u00c4ltesten der urspr\u00fcnglich vier Br\u00fcder namens JOHANN JACOB ist bei keinem der Chronisten mehr die Rede)<em> herkommt.\u201d<\/em><br \/>\nDieser in K\u00f6nigstein lebende \u201eHerr von Wimpffen\u201d ist mit Sicherheit mit dem im I. Stammbaum von Wurzbach in der f\u00fcnfteiligen Generationsreihe XII an dritter Stelle als Stammhalter zu findenden CHRISTOPH WILHELM VON WIMPFFEN\u00a0identisch. Das geht aus dem Umstand hervor, dass dieser sich dort tats\u00e4chlich mit der von Waldau angegebenen \u201eAltin\u201d, n\u00e4mlich CLARA VON ALT, verheiratet findet und deren an mittlerer Stelle der nachfolgenden Generationsreihe XIII der drei S\u00f6hne zwischen JOHANN CHRISTOPH und JOHANN GOTTFRIED zu findender Sohn namens TOBIAS PETER\u00a0laut Wurzbachs Lebensbeschreibung Nr. 40 in der Tat in d\u00e4nische Kriegsdienste getreten ist. Dort hei\u00dft es n\u00e4mlich:<em> \u201eTOBIAS PETER\u00a0(geb. zu K\u00f6nigstein in Franken 7. J\u00e4nner 1767, gest. 10. November 1813), vom \u00e4lteren (sog. JOHANN FRIEDRICH\u2019SCHEN)\u00a0Hauptaste. Ein Sohn\u00a0CHRISTOPH WILHELMS aus erster Ehe mit\u00a0CLARA VON ALT,\u00a0ist der Stifter des d\u00e4nischen noch heute in D\u00e4nemark bl\u00fchenden Zweiges der Wimpffen. Glaubensr\u00fccksichten <\/em>(gemeint ist wohl dessen ausgepr\u00e4gt protestantischer Glaube) <em>veranla\u00dften ihn, mit seiner Familie sein fr\u00e4nkisches Stammland zu verlassen und nach D\u00e4nemark zu \u00fcbersiedeln, wo er k\u00f6niglicher Major und Oberlandweginspector im Herzogthume Holstein wurde, aber im sch\u00f6nsten Mannesalter von erst 46 Jahren starb. Aus seiner Ehe mit\u00a0NICOLINE,\u00a0Tochter des\u00a0<\/em><i>BISCHOFS BLOCH\u00a0<\/i>(geb. am 22. Oktober 1769, gestorben 1850)<em>, hatte er zwei S\u00f6hne und zwei T\u00f6chter, die alle aus der I. Stammtafel ersichtlich sind. Von den S\u00f6hnen pflanzte nur der \u00e4ltere,\u00a0FERDINAND FRANZ,\u00a0k\u00f6niglich d\u00e4nischer K\u00e4mmerer und Oberforstmeister des Herzogthums J\u00fctland, diesen d\u00e4nischen Zweig fort.\u201d<\/em><\/p>\n<p>Die Bedeutung dieses TOBIAS PETER, der in der I. Stammtafel des C. von Wurzbach in der Mitte als Stammhalter der Generationsreihe XIII zwischen seinen Br\u00fcdern JOHANN CHRISTOPH und JOHANN GOTTFRIED und \u00fcber dem o. a. Namen seiner Ehefrau NICOLINE BLOCH mit den jeweiligen Lebensdaten erscheint, wurde nachtr\u00e4glich durch die dazugegebene Beschriftung\u00a0\u201eBegr\u00fcnder des D\u00e4nischen Zweiges\u201d\u00a0herausgestellt. Die Namen, Personalien und Lebenswege der von Wurzbach angesprochenen zwei S\u00f6hne und zwei T\u00f6chter seien hier in etwas ge\u00e4nderter Folge als in der Generationsreihe XIV der I. Stammtafel aufgef\u00fchrt:<\/p>\n<p>1) Das \u00e4lteste Kind, der am 27. Dezember 1802 geborene Sohn, hie\u00df nicht, KARL WILHELM <u>JOHANN<\/u>, wie Wurzbach angibt, sondern laut Dr. Hans H. von Wimpffen richtigerweise, deshalb in Rot korrigiert,\u00a0KARL WILHELM <u>T\u00d6NNE<\/u> = KARL WILHELM <u>ANTON<\/u>. Dieser ist bereits\u00a0am 4. April 1839\u00a0gestorben, d. h. schon mit rund 36 \u00bc Jahren, und zwar kinderlos. Dessen schon in mittlerem Alter geendetes, doch erf\u00fclltes und mannigfach beeindruckendes Leben l\u00e4sst sich in der Website \u201ewimpffen.de&#8220; des Dr. Hans H. von Wimpffen, Rubrik \u201eBiographien\u201d, unter dem Titel \u201eCarl Wilhelm Anton Freiherr von Wimpffen\u201d nachlesen und verdient es, hier wenigstens in Kurzfassung wiedergegeben zu werden:<br \/>\nNach dem Studium der Rechtswissenschaften in Kiel und vor allem in G\u00f6ttingen wird dieser Amtssekret\u00e4r in der d\u00e4nischen Amtsstadt Hadersleben (Schleswig) und 4 \u00bd Jahre vor seinem fr\u00fchen Tod durch Lungenentz\u00fcndung in die T\u00e4tigkeit als Hardesvogt (Amtmann einer Harde, des Leiters von Gerichtsverfahren unter Beiziehung von Sch\u00f6ffen und Beisitzern bei Beteiligung der Gemeinde meist unter freiem Himmel). Er war auch Autor zahlreicher juristischer Abhandlungen, darunter historischen B\u00fcchern \u00fcber die staatsrechtlichen Verh\u00e4ltnisse der Herzogt\u00fcmer Schleswig und Holstein, au\u00dferdem wichtiger F\u00f6rderer eines Kinderheims f\u00fcr verwaiste und verwahrloste Kinder. Sein Name \u201eCARL WILHELM ANTON VON WIMPFFEN\u201d findet sich auf dem 1863 an der h\u00f6chsten Stelle Schleswigs auf Skamlingsbanken errichteten und nach der Sprengung 1864 im Preu\u00dfisch-\u00d6sterreichischen Krieg wiedererrichteten 16 Meter hohen Gedenks\u00e4ule aus 25 Granitbl\u00f6cken eingemei\u00dfelt, die 18 verdienten Pers\u00f6nlichkeiten gewidmet und zur Touristenattraktion geworden ist.<\/p>\n<p>2) Es folgt der zweite Sohn FRIEDRICH FERDINAND FRANZ, geb. am 31. M\u00e4rz 1805, gestorben am 31. Januar 1893, verheiratet in erster Ehe mit JELA (= IDA) SOPHIA (FRIDERICA) JOHANNSEN aus Hadersleben, gestorben 1850, in zweiter Ehe mit KATHARINA SANDHOLT, gestorben schon 1853.<\/p>\n<p>3) und 4) Es folgen diesen zwei S\u00f6hne und die zwei T\u00f6chter SUSANNE LUISE CHRISTINE, geboren am 20. Juli 1807 und gestorben 1872, und CLARA WILHELMINE MARGARETHE, geboren am 07. Juni 1809, die beide, wie es in Generationsreihe XIV zu lesen steht, \u201eCanonissin (Stiftsdame) zu Roeskilde\u201d (Roskilde auf Seeland) geworden sind.<\/p>\n<p>Somit gehen Nachkommen nur aus dem zweit\u00e4ltesten Sohn FRIEDRICH FERDINAND FRANZ hervor, und zwar (siehe in der I. Stammtafel die letztaufgef\u00fchrte Generation XV mit den dort angegebenen Daten):<\/p>\n<p>Aus der ersten Ehe mit IDA SOPHIA FRIDERICA sechs solche, n\u00e4mlich die drei T\u00f6chter<br \/>\n1) LUISE WILHELMINE ELISABETH, geboren am 30. Januar 1842, und<br \/>\n2) FANNI CHARLOTTE, geboren am 22. September 1843,<br \/>\ndie beide, \u00e4hnlich wie zuvor ihre vorgenannten beiden Tanten, \u201eConventualin\u201d (Klosterangeh\u00f6rige) in Roeskilde werden; au\u00dferdem<br \/>\n3) AMALIE KAROLINE, geboren am 19. April 1847, und<br \/>\n4) LUISE, die offenbar bei oder bald nach der Geburt verstorben ist; au\u00dferdem die zwei S\u00f6hne<br \/>\n5) KARL FRIEDRICH MAXIMILIAN, geboren am 14. April 1845 und gestorben schon 1853, sowie<br \/>\n6) FRIEDRICH OTTO, geboren am 4. Dezember 1849, gestorben schon 1867.<br \/>\nW\u00e4hrend alle diese in Anbetracht ihres Eintritts ins Stift oder Kloster bzw. ihres fr\u00fchen Todes nachkommenlos geblieben sind, verheiratete sich das einzige Kind aus dessen zweiter Ehe mit KATHARINA SANDHOLT, die Tochter<br \/>\n6) MARIE (\u201eMIMMI\u201d), geboren am 24. Dezember 1852, mit ANDREAS COSMOS BRAESTRUP, der Polizeimeister und Stadtvogt im an der Nordostspitze der Insel Seeland gelegenen Helsing\u00f6r war. Diese f\u00fchrten fortab den Namen WIMPFFEN BRAESTRUP\u00a0(also ohne das Adelspr\u00e4dikat \u201evon\u201d) und pflanzten sich bis in die Gegenwart zu MIKAEL\u00a0WIMPFFEN BRAESTRUP\u00a0weiter, der mit seiner Frau BIRTHE ELENA, die Kinder LUISE\u00a0und JAKOB\u00a0hat.<\/p>\n<p>Damit galt und gilt der sog. D\u00e4nische Zweig mit dem Tod des bis 1867 \u00fcberlebten Bruders der MARIE bzw. MIMI WIMPFFEN BRAESTRUP namens FRIEDRICH OTTO VON WIMPFFEN strenggenommen als Adelsgeschlecht ausgestorben. Durch Dr. Hans H. von Wimpffen ist uns von den beiden ins Kloster oder Stift gegangenen \u00e4ltesten T\u00f6chtern des FRIEDRICH FERDINAND FRANZ VON WIMPFFEN ein Foto zug\u00e4nglich geworden, das die Fr\u00f6mmigkeit des aus Glaubens\u00fcberzeugungen hervorgegangenen D\u00e4nischen Zweiges der Von Wimpffen sp\u00fcren l\u00e4sst:<br \/>\n<a href=\"http:\/\/wimpfen-geschichte.de\/von_wimpffen\/wp-content\/uploads\/2016\/06\/041.jpg\"><br \/>\n<img loading=\"lazy\" decoding=\"async\" class=\"wp-image-76 aligncenter\" src=\"http:\/\/wimpfen-geschichte.de\/von_wimpffen\/wp-content\/uploads\/2016\/06\/041-712x1024.jpg\" alt=\"041\" width=\"359\" height=\"517\" srcset=\"https:\/\/wimpfen-geschichte.de\/von_wimpffen\/wp-content\/uploads\/2016\/06\/041-712x1024.jpg 712w, https:\/\/wimpfen-geschichte.de\/von_wimpffen\/wp-content\/uploads\/2016\/06\/041-209x300.jpg 209w, https:\/\/wimpfen-geschichte.de\/von_wimpffen\/wp-content\/uploads\/2016\/06\/041-768x1104.jpg 768w, https:\/\/wimpfen-geschichte.de\/von_wimpffen\/wp-content\/uploads\/2016\/06\/041.jpg 820w\" sizes=\"(max-width: 359px) 100vw, 359px\" \/><\/a><\/p>\n<ul>\n<li><strong>Abb. M 2: Fotografie der Conventualinnen in Roskilde gewordenen zwei Schwestern, links Freiin Louise (Wilhelmine Elisabeth) von Wimpffen (geb. 1842) und rechts Fanny (Charlotte) von Wimpffen (geb. 1843), die \u00e4ltesten Kinder des Friedrich Ferdinand Franz von Wimpffen (1805 \u2013 1892)<\/strong>.<\/li>\n<\/ul>\n<p>Mit dem vorstehenden Exkurs zum D\u00e4nischen Zweig erscheint die Erschlie\u00dfung der oben in der Abb. M 1\u00a0gezeigten korrigierten und erweiterten Form der I. Stammtafel des Constantin von Wurzbach zwar abgeschlossen. Doch ist bis jetzt immer noch nicht gen\u00fcgend einsichtig gemacht worden, warum dort gegen\u00fcber der im Er\u00f6ffnungs-Kapitel A in Abb. 7 gezeigten Ursprungsfassung, abgesehen von dem bereits begr\u00fcndeten Differieren der Z\u00e4hlung der Generationen (links in r\u00f6mischen Ziffern diejenige nach Wurzbach &#8211; rechts in arabischen Ziffern diejenige nach St\u00f6r und Sporhan-Krempel) in den Generationsreihen IX\/8 und X\/9, noch die folgenden \u00c4nderungen vorgenommen worden sind:<\/p>\n<p>&#8211; Zum einen die durch Pfeilf\u00fchrungen vorgenommene Verschiebung der urspr\u00fcnglich dem Br\u00fcderpaar JOHANN FRIEDRICH und JOHANN DIETRICH der Generationsreihe IX bzw. 8 zugeordneten Klassifikationen \u201eAelterer Hauptast\u201d und \u201eJ\u00fcngerer Hauptast\u201d hin zum zweit\u00e4ltesten sowie j\u00fcngsten der vier S\u00f6hne des JOHANN FRIEDRICH namens GEORG ABRAHAM und HANS KARL der Generationsreihe X bzw. 9.<br \/>\n&#8211; Zum andern die durch zwei Pfeilf\u00fchrungen bewerkstelligte Verschiebung des dem Namens- und Faktenkomplex des JOHANN DIETRICH unten beigef\u00fcgten Hinweises \u201e(Siehe II. Stammtafel)\u201d hin zu HANS KARL der Generationsreihe X bzw. 9 und somit zum besagten j\u00fcngsten Sohn des JOHANN FRIEDRICH hin.<\/p>\n<p><span style=\"color: #ff0000;\">Doch es wird noch der nachfolgenden zwei bis drei Kapitel (N. Umorientierung bis O. Johann Georg oder gar P. Zweiggr\u00fcnder Franz Ludwig) bed\u00fcrfen, bis der volle Sinn all der vorgenommenen Ver\u00e4nderungen der von Wurzbach und seinen Vorl\u00e4ufern hier wie da dargebotenen fehlerhaften Setzungen voll durchschaut und zweifelsfrei widerlegt werden kann; denn in deren Abfolge auch in der somit hier angesprochenen II. Stammtafel des Constantin von Wurzbach der Abb. M 1 innerhalb der dort in den Anf\u00e4ngen aufgef\u00fchrten Generationsreihen IX bzw. 8 bis hin zu XII bzw. 10 noch einschneidende Korrekturen zur Sprache kommen m\u00fcssen. (In Nachbearbeitung!)<\/span><\/p>\n<p>Jetzt gilt es, die bereits im vorhergehenden Kapitel L. Adelswerdung darzustellen begonnenen Wege der beiden J\u00fcngeren der vier S\u00f6hne des JOHANN FRIEDRICH VON WIMPFFEN namens JOHANN (HANS) CHRISTOPH und JOHANN (HANS) KARL weiterzuverfolgen.<\/p>\n","protected":false},"excerpt":{"rendered":"<p>Wie aus dem zweit\u00e4ltesten Sohn des Johann Friedrich namens GEORG ABRAHAM VON WIMPFFEN (geb. 1648) der Generation 9 (bei Wurzbach X) \u00fcber seinen Urenkel TOBIAS PETER (1767 \u2013 1813) der sog. D\u00e4nische Zweig derer Von Wimpffen herausw\u00e4chst, welcher 1867 mit FRIEDRICH OTTO (1849 \u2013 1867) in der m\u00e4nnlichen Erbfolge zwar ausstirbt, doch in D\u00e4nemark unter &hellip; <a href=\"https:\/\/wimpfen-geschichte.de\/von_wimpffen\/thema\/daenischer-zweig\/\" class=\"more-link\"><span class=\"screen-reader-text\">M. D\u00e4nischer Zweig<\/span> weiterlesen<\/a><\/p>\n","protected":false},"author":1,"featured_media":0,"parent":2,"menu_order":13,"comment_status":"closed","ping_status":"closed","template":"","meta":{"footnotes":""},"_links":{"self":[{"href":"https:\/\/wimpfen-geschichte.de\/von_wimpffen\/wp-json\/wp\/v2\/pages\/290"}],"collection":[{"href":"https:\/\/wimpfen-geschichte.de\/von_wimpffen\/wp-json\/wp\/v2\/pages"}],"about":[{"href":"https:\/\/wimpfen-geschichte.de\/von_wimpffen\/wp-json\/wp\/v2\/types\/page"}],"author":[{"embeddable":true,"href":"https:\/\/wimpfen-geschichte.de\/von_wimpffen\/wp-json\/wp\/v2\/users\/1"}],"replies":[{"embeddable":true,"href":"https:\/\/wimpfen-geschichte.de\/von_wimpffen\/wp-json\/wp\/v2\/comments?post=290"}],"version-history":[{"count":33,"href":"https:\/\/wimpfen-geschichte.de\/von_wimpffen\/wp-json\/wp\/v2\/pages\/290\/revisions"}],"predecessor-version":[{"id":4177,"href":"https:\/\/wimpfen-geschichte.de\/von_wimpffen\/wp-json\/wp\/v2\/pages\/290\/revisions\/4177"}],"up":[{"embeddable":true,"href":"https:\/\/wimpfen-geschichte.de\/von_wimpffen\/wp-json\/wp\/v2\/pages\/2"}],"wp:attachment":[{"href":"https:\/\/wimpfen-geschichte.de\/von_wimpffen\/wp-json\/wp\/v2\/media?parent=290"}],"curies":[{"name":"wp","href":"https:\/\/api.w.org\/{rel}","templated":true}]}}