{"id":410,"date":"2016-06-12T12:22:12","date_gmt":"2016-06-12T10:22:12","guid":{"rendered":"http:\/\/wimpfen-geschichte.de\/von_wimpffen\/?page_id=410"},"modified":"2020-01-26T16:10:41","modified_gmt":"2020-01-26T15:10:41","slug":"2-verwendete-darstellungen-im-internet-in-alphabetischer-ordnung-nach-den-titeln","status":"publish","type":"page","link":"https:\/\/wimpfen-geschichte.de\/von_wimpffen\/thema\/2-verwendete-darstellungen-im-internet-in-alphabetischer-ordnung-nach-den-titeln\/","title":{"rendered":"2. Verwendete Darstellungen im Internet in alphabetischer Ordnung nach den Titeln"},"content":{"rendered":"<p>ahnen-und-wappen.de:<br \/>\n-Familienwappen H\u00f6rmann, H\u00f6rmann von H\u00f6rbach oder H\u00f6rmann von und zu Guttenberg<\/p>\n<p>Baltisches Biographisches Lexikon digital:<br \/>\n-Hoyningen-Huene, S. 342 \u2013 344<br \/>\n-Ungern-Sternnerg, S. 821 \u2013 829<\/p>\n<p>burgen-austria.com:<br \/>\n-Aichberg (Eichberg)<br \/>\n-Gro\u00dflobming<br \/>\n-Kainberg<br \/>\n-Wallsee<\/p>\n<p>dw.com.de:<br \/>\nDas blutige Ende des \u201ewei\u00dfen Barons\u201c; 05. 01. 2016<\/p>\n<p>de.linkedin.com:<br \/>\n-Dr. oec. HSG Franz Wimpffen<\/p>\n<p>deutsche-Biographie.de:<br \/>\n-Gebel(l) (G\u00f6bbel, G\u00f6bl &#8230; ) Matthes, Bildschnitzer und Medailleur<br \/>\n-Haffner (Hafner), Johann Ulrich<br \/>\n-Limburg-Styrum, Grafen von<br \/>\n-Peller von Schoppershof, Martin<br \/>\n-Reinhard, Karl Friedrich (Charles Fr\u00e9d\u00e9ric) Graf von (franz\u00f6sischer Ritter 1809, Graf 1815, Pair 1832)<\/p>\n<p>deutsche-schutzgebiete.de:<br \/>\n-Deutsch-Franz\u00f6sischer Krieg 1870\/71<br \/>\n-figuren-modellbau:<br \/>\n-66e R\u00e9giment Allemands du Comte de La Marck, Siebenj\u00e4hriger Krieg 1757 \u2013 1760<\/p>\n<p>franken-wiki.de:<br \/>\n-Das Patriziat der Freien Reichsstadt N\u00fcrnberg (aus: Stadtlexikon N\u00fcrnberg)<br \/>\n-freeaudiomp3player.de:<br \/>\n-Robert von Ungern-Sternberg; 01. 08. 2012<\/p>\n<p>fr.wikipedia.org.wiki:<br \/>\n-Bataille de Sedan<\/p>\n<p>forgottenbooks.com.readbook<sub>&#8211;<\/sub>text:<br \/>\n-Das Rathaus in N\u00fcrnberg<\/p>\n<p>geneagraphie.com:<br \/>\n-Frhr. Theodor Leonhard Rudolf von Ungern-Sternberg<\/p>\n<p>geneanet.org.de:<br \/>\n-Michaelis-Hauswaldt: Susanna Walther<br \/>\n-Michaelis-Hauswaldt: Felicitas Rehlinger<br \/>\n-Michaelis-Hauswaldt: Susanna H\u00f6rmann<br \/>\n-Michaelis-Hauswaldt: Euphrosina Bimmel<\/p>\n<p>geneall.net.de:<br \/>\n-Anmerkung: Die Suche im Index unter \u201eWimpffen\u201c erbringt mehrere hundert Namen mit den dazugeh\u00f6rigen Lebensdaten sowie sonstigen Angaben, sofern gegeben bzw. bekannt, wie: Eltern, Heiraten, Kinder, Titel, was &#8211; so weit sich ein Zugriff ergeben hat &#8211; hier die einzelnen Personen wegen ihrer Vielzahl nicht angef\u00fchrt werden.<\/p>\n<p>geni.com:<br \/>\n-Charles de Wimpffen, Baron<br \/>\n-Constantin Robert Eginhard Maximilian Frhr. von Ungern-Sternberg (1888 \u2013 1945)<br \/>\n-H\u00e9l\u00e8ne Andr\u00e9e de Wimpffe*n, Baronesse<br \/>\n-Henri Sigismond Louis de Wimpffen, Baron<br \/>\n-L\u00e9onie Berta Jenny Zenaide von Ungern-Sternberg<br \/>\n-Maria Anna von Wimpffen<br \/>\n-Nicola\u0129 Robert (Roman) Maximilian von Ungern-Sternberg (1885 \u2013 1921)<br \/>\n-Oskar Bar. von Hoyningen-Huene<br \/>\n-Sophie Charlotte von Ungern-Sternberg (Freiin von Wimpffen) (1861 \u2013 1907)<br \/>\n-Theodor Leonhard Rudolf (Theodor) von Ungern-Sternberg (1857 \u2013c. 1918)<\/p>\n<p>herrenitze.com:<br \/>\n-Burgen und Herrensitze in der N\u00fcrnberger Landschaft: Hirschbach<br \/>\ngallica.bnf.fr.services:<\/p>\n<p>historisches-lexikon-bayerns:<br \/>\n-Matthias Kirchhoff, Tucher von Simmelsdorf (Familie)<\/p>\n<p>kasernen-ludwigsburg:<br \/>\n-Reiterkaserne<\/p>\n<p>kakanien.ac.at\/beitr.\/materialien:<br \/>\n-Leopold von Andrian (1875 \u2013 1 951) Korrespondenzen, Notizen, Essays, Berichte von Ursula Prutsch &amp; Klaus Zeyringer (Wien, Angers)<\/p>\n<p>kriegsreisende.de:<br \/>\n-Ungern-Sternberg. Der blutige Baron und sein Reich in der Mongolei; 01. 08. 2012<br \/>\n-Das Regiment Royal Deux Ponts<\/p>\n<p>lagis-hessen.de (Hessische Biografie):<br \/>\n-Wimpffen, Franz Ludwig von<br \/>\n-Goy, Christian Friedrich<\/p>\n<p>mongolei.de\/berichte\/Ungern-Sternberg.htm:<br \/>\n-Wahrheit und Mythos \u00fcber den Baron Roman von Ungern-Sternberg (6-seitiger bebilderter Bericht von Brit Beneke, entnommen: 15. 08. 2012)<\/p>\n<p>m\u00fcnchen wiki:<br \/>\n-Damenstift St. Anna<\/p>\n<p>napoleon-oneline.de oder napoleonwiki.de:<br \/>\n-Feldmarschall Freiherr von Wimpffen<br \/>\n-Felix von Wimpffen<\/p>\n<p>pfalz.de\/freizeit:<br \/>\n-Burgruine Guttenberg bei Oberotterbach<\/p>\n<p>psimoprofile.com:<br \/>\n-Historia Pewnego Obrazu \u2013 Clara Both<\/p>\n<p>preu\u00dfenweb.de:<br \/>\n-Der Deutsch-Franz\u00f6sische Krieg von 1870\/71<\/p>\n<p>royalark.net\/Georgia\/dadan3.htm:<br \/>\n-Minigrella. The Dadiani Dynasty (Dad\u00e1nyi de Gyulv\u00e9sz). GENEALOGY (Dort sind die aus der Verbindung des Grafen Victor von Wimpffen mit Anastasia von Sina zu Hodos und Kizdia bis zur Gegenwart entsprungenen Nachfahren zu finden).<\/p>\n<p>source gallica.bnf.fr:<br \/>\n-Dictionaire de la noblesse: contenant les g\u00e9n\u00e9alogies, l\u2019histoire &#8230; Band 12 von Fran\u00e7ois-Alexandre Aubert des Bois; dort: WIMPFEN p. 830 \u2013 832<\/p>\n<p>stadtlexikon-augsburg.de:<br \/>\n-B\u00fcrgerstube, Geschlechterstube, Herrentrinkstube, Stube, Trinkstube<br \/>\n-H\u00f6rmann von und zu Gutenberg<br \/>\n-Smuker, Kaufmanns- und Patrizierfamilie<\/p>\n<p>talmud.de:<br \/>\n-Leben und Umfeld des Meir ben Baruch von Rothenburg<\/p>\n<p>thepeerage.com:<br \/>\n-Marie-Veronika Baronin von Ow-Wachendorf<br \/>\n-Franz-Michael Graf von Wimpffen<br \/>\n-Olympia Gr\u00e4fin von Wimpffen<br \/>\n-Marie-Amelie Gr\u00e4fin von Wimpffen<br \/>\n-Rosina Baronin von Ow-Wachendorf<\/p>\n<p>wapedia.mobi.de:<br \/>\n-Siegfried Graf von Wimpffen<br \/>\n-Simon Graf von Wimpffen<\/p>\n<p>wargs.com:<br \/>\n-The Ancestors of Roman, Baron von Ungern-Sternberg (1885 \u2013 1921)<\/p>\n<p>World Roots.com.Genealogy Archive:<br \/>\n-Ancestors of Freiherr Roman von Ungern-Sternberg<\/p>\n<p>Websites von St\u00e4dten oder Gemeinden oder Regionen u. a. m.:<br \/>\n-doerrenbach.de: Zeittafel zur Ortsgeschichte (mit der Guttenburg auf dem Guttenberg und Minfeld)<br \/>\n-ebershausen: Ebershausen in der Familien- und Kinderregion des Landkreises G\u00fcnzburg<br \/>\n-Fahrafeld bei Pottenstein: Viel verloren. Arno Wimpffen in Farahfeld bei Pottenstein, Weinbauer in Ungarn: \u201eDas eigene Gut ist hohe Lebensqualit\u00e4t<br \/>\n-Gutsh\u00f6fe Estlands: Valtu\/Waldasu<br \/>\n-Pottenstein-Fahrahfeld: Trauer um \u201eReichsgr\u00e4fin\u201c<br \/>\n-frankfurt-nordend.de: Geschichte des Nordends (bis 1899) &#8211; (auch der Bornburg bzw. G\u00fcnthersburg)<br \/>\n-historisches-lexikon-bayerns.de: Kaufbeuren, Reichsstadt<br \/>\n-kaufbeuren.de: Rundgang durch die historische Kaufbeurer Altstadt mit vielen Sehensw\u00fcrdigkeiten<br \/>\n-kirn.de: Kirn, das Zentrum an der mittleren Nahe. Ein R\u00fcckblick auf die Geschichte der Stadt<br \/>\n-kl\u00f6ster in Bayern: M\u00fcnchen, Damenstift St. Anna<br \/>\n-kyrburg.de: Die Kyrburg. Geschichte der Burg<br \/>\n-nordbayern.de\/region\/nuernberg: Das Schl\u00f6sschen diente als Flaschenkapselfabrik. Barock in Schniegling<br \/>\n-nordbayern.de\/nuernberger-zeitung: Die Reise des Kaufmanns endet im Fembohaus<br \/>\n-oberostendorf.de: Gemeinde Oberostendorf. Heimatmusuem<br \/>\n-pfalz.de\/Freizeit: Burgruine Guttenberg bei Oberottenbach<br \/>\n-stadtlexikon-augsburg.de: Stadtgeschichte: H\u00f6rmann von und zu Gutenberg; Hoser; Kaufleutestube; Schmucker<br \/>\n-stadtlexikon-augsburg.de: H\u00f6rmann von und zu Guttenberg<br \/>\n-schwaz.de: Sehensw\u00fcrdigkeiten<br \/>\n-von-wurmbrand-stuppach: Schloss Gro\u00dflobming<br \/>\n-weingenuss-aus-ungarn.de: Weingut Patricius<br \/>\n-Weinbaugebiet Tokaj; Weingut Patricius &#8211; geht den Weg der Zukunft der Tokajer Weine<\/p>\n<p>wimpffen.hu (seit 2010 ff.) bzw. wimpffen.de (seit 2015 ff.);<br \/>\nAutor: Dr. Hans H. von Wimpffen; dort in Rubrik \u201ebiographien\u201c bzw. \u201eBiographien\u201c zu finden:<br \/>\nAnmerkungen hierzu:<br \/>\nDie gro\u00dfteils auf die wichtigsten Namenstr\u00e4ger des Geschlechtes bezogenen und (mit gewissen Ausnahmen) in alphabetischer Ordnung aufgef\u00fchrten Titel unterliegen sowohl laufender Anpassung der schon vorhandenen Texte als auch der Hinzunahme neuer solcher. Die hier aufgef\u00fchrten Angaben beziehen sich auf den Stand vom 13. Januar 2016. Zur F\u00f6rderung der Einordenbarkeit der einzelnen Namenstr\u00e4ger ist hier jeweils in Klammer das im Urtext im Titel immer fehlende, doch im dazugeh\u00f6rigen Text in der Regel jedoch angegebene jeweilige Geburts- und Todesjahr beigegeben. Sofern mit anderen Zeitangaben differierend und in der Regel dann als fehlerhaft zu konstatieren, bleiben diesbez\u00fcgliche Korrekturen hier unangesprochen. Da und dort erfolgen auch, in Klammer gesetzt, kleinere Erl\u00e4uterungen.<br \/>\nLebensl\u00e4ufe:<br \/>\n-Hermann von Wimpffen (angeblich durch Rudolf von Habsburg 1268 als Vogt in Hagenau eingesetzt)<br \/>\n-Adolf Freiherr von Wimpffen (1818 \u2013 1883)<br \/>\n-Antonetta Carolina von Wimpffen (dazu keine Angaben)<br \/>\n-Bischoff Arnold (Daten und Text noch fehlend)<br \/>\n-Carl Wilhelm Anton Freiherr von Wimpffen (1802 \u2013 1839)<br \/>\n-Christian Peter, Baron de Wimpffen (1725 \u2013 1781)<br \/>\n-Clara von Wimpfffen (1907 \u2013 2000)<br \/>\n-Dagobert von Wimpffen (1765 \u2013 1836)<br \/>\n-Dagobert Sigismond Laurent de Wimpffen (1782 \u2013 1862)<br \/>\n-Datei: Anton von Werner, Kapitulations-Verhandlungen von Sedan (19. Jhdt., Schwarz-Wei\u00df-Versyion).png<br \/>\n-Don Lluiz Baron de Wimpffen (1758 \u2013 1831)<br \/>\nEine Erg\u00e4nzung dieser Darstellung ist in der Rubrik \u201eSchlachten\u201d zu finden, die folgenden Titel tr\u00e4gt:<br \/>\n-Don Lluiz, Spaniens Morgarten lag in Katalonien.<br \/>\n-Francois Georges de Wimpffen (1735 \u2013 1816)<br \/>\n-Francois Louis Baron de Wimpffen (1732 \u2013 1800)<br \/>\n-Franz Graf von Wimpffen (1899 \u2013 1973)<br \/>\n-Franz I. Graf von Wimpffen (Daten und Text noch fehlend)<br \/>\n-Friedrich Ferdinand Franz Freiherr von Wimpffen (1805 \u2013 1895)<br \/>\n-General Felix I. von Wimpffen (1744 \u2013 1817)<br \/>\n-General Felix II. von Wimpffen (1811 &#8211; 1884)<br \/>\n-General Georges de Wimpffen (1862 \u2013 1949)<br \/>\n-George Ivan von Wimpffen (geb. 1931)<br \/>\n-Germain (Hermann) de Wimpffen (1749 \u2013 1820)<br \/>\n-Grigorij Freiherr von Wimpffen (1760 \u2013 1806)<br \/>\n-Hans Hermann von Wimpffen (geb. 1934)<br \/>\n-Hans von Wimpffen (1418 \u2013 1491)<br \/>\n-Ivan III. von Wimpffen (1903 \u2013 1990)<br \/>\n-Ivan I. von Wimpffen (1847 \u2013 1895)<br \/>\n-Ivan II. von Wimpffen (1880 \u2013 1944)<br \/>\n-Jean Baron de Wimpffen (gefallen 1918)<br \/>\n-Jean Leopold de Wimpffen (1677 \u2013 1692)<br \/>\n-Johann Albert von Wimpf(f)en (1539 \u2013 1589)<br \/>\n-Johann Dietrich Hermann Reichsfreiherr von Wimpffen (geb. 1583)<br \/>\n-Johann Friedrich Freiherr von Wimpffen (1581 \u2013 1668)<br \/>\n-Johann Georg II. von Wimpffen (dazu keine Angaben)<br \/>\n-Kalman (Coloman) Freiherr von Wimpffen (1813 \u2013 1880)<br \/>\n-Karl Wilhelm Freiherr von Wimpffen (1802 \u2013 1839)<br \/>\n-Leontij von Wimpffen (1872 \u2013 1919)<br \/>\n-Limburg-Styrum Grafen von<br \/>\n-Maria Gr\u00e4fin von Wimpffen (1894 \u2013 1930)<br \/>\n-Marie Dorothee Louise de Wimpffen (1764 \u2013 1841)<br \/>\n-Maximilian von Wimpffen (1770 \u2013 1854)<br \/>\n-Oberst Alphons Graf von Wimpffen (1828 \u2013 1866)<br \/>\n-Ottilie von Wimpffen<br \/>\n-Pauline Sophie Gr\u00e4fin von Wimpffen (1874 \u2013 1961)<br \/>\n-Philipp Freiherr von Wimpffen (1882 \u2013 1915)<br \/>\n-Siegfried Graf von Wimpffen (1865 \u2013 1929<br \/>\n-Siegmund Hermann (dazu keine Angaben)<br \/>\n-Simon Graf von Wimpffen (1897 \u2013 1918)<br \/>\n-Simon I. Graf von Wimpffen (1867 \u2013 1925)<br \/>\n-Viktor Graf von Wimpffen (1834 \u2013 1897)<br \/>\n-Virgine Baronne de Wimpffen (dazu keine Angaben)<\/p>\n<p>Wikimedia Commons:<br \/>\n-Mattes Gebel (attr.), medaglia di johann jordan von Herxheim, 1529<\/p>\n<p>(aus) Wikipedia, der freien Enzyklop\u00e4die:<br \/>\n-Agartha<br \/>\n-Antje-Katrin K\u00fchnermann<br \/>\n-Anton von Werner<br \/>\n-Auguste-Alexandre Ducrot<br \/>\n-Amalie Zephyrine von Salm-Kyrburg<br \/>\n-Alexander Geljewitsch Dugin,<br \/>\n-Angelika von H\u00f6rmann<br \/>\n-Anried<br \/>\n-Antje-Katrin K\u00fchnemann<br \/>\n-Bad Rappenau<br \/>\n-Bad Teinach-Zavelstein<br \/>\n-Bartholom\u00e4us Viatis<br \/>\n-Bataille de Br\u00e9court<br \/>\n-Battaglia Terme<br \/>\n-Bavent<br \/>\n-Bernhard Hertzog<br \/>\n-Biographisches Lexikon des Kaiserthums Oesterreich<br \/>\n-Boeselager<br \/>\n-Bronkhorst<br \/>\n-Chasseur d\u2019Afrique<br \/>\n-Christian Friedrich Gustav von Berckheim<br \/>\n-Christina von Ungern-Sternberg<br \/>\n-Constantin von Wurzbach<br \/>\n-Corto Maltese<br \/>\n-Damenstiftskirche (M\u00fcnchen)<br \/>\n-Datei: Schloss-Fahrafeld-(um-1900)jpg<br \/>\n-Die Oberb\u00fcrgermeister Augsburgs<br \/>\n-Dragoner-Regiment \u201eK\u00f6nigin Olga\u201c (1. W\u00fcrttembergisches) Nr. 25<br \/>\n-Ebner von Eschenbach<br \/>\n-Emanuel F\u00e9lix de Wimpffen<br \/>\n-Emmanuel F\u00e9lix de Wimpffen<br \/>\n-Ernst Heinrich Kneschke<br \/>\n-Familie von Wimpffen<br \/>\n-Felix von Wimpffen (General)<br \/>\n-Fernh\u00e4ndler<br \/>\n-Fran\u00e7ois-Alexandre de la Chenaye-Aubert<br \/>\n-Franz Adolf von Anhalt-Bernburg-Schaumburg-Hoym<br \/>\n-Franz Emil Lorenz Wimpffen<br \/>\n-Franz Karl Eduard von Wimpffen<br \/>\n-Franz Ludwig Wimpffen<br \/>\n-Franz\u00f6sischer Revolutionskalender<br \/>\n-Freiherr<br \/>\n-Freimaurerei<br \/>\n-Gagern (Adelsgeschlecht)<br \/>\n-Garde<br \/>\n-Gedenkst\u00e4tte Heldenberg<br \/>\n-Genealogisches Handbuch des Adels<br \/>\n-Georg Ernst Waldau<br \/>\n-Georg Johann II. (Pfalz-L\u00fctzelstein)<br \/>\n-Georg R\u00fcxner<br \/>\n-Georg Simon von Sina<br \/>\n-Geschichte der Stadt N\u00fcrnberg<br \/>\n-Grafen von Wimpffen<br \/>\n-Grand Orient de France<br \/>\n-Grigori Michailowitsch Semjonow<br \/>\n-Groland von Oedenberg<br \/>\n-Gro\u00dflobming<br \/>\n-Gr\u00fcnreuth<br \/>\n-Gustav Samuel Leopold (Pfalz-Zweibr\u00fccken)<br \/>\n-Gutenberg (Oberostendorf)<br \/>\n-Hammerschloss Hirschbach<br \/>\n-Happurg<br \/>\n-Heinrich Horneck von Weinheim<br \/>\n-Helmuth Karl Bernhard von Moltke<br \/>\n-Hirschbach (Oberpfalz)<br \/>\n-Hoyningen-Huene<br \/>\n-J\u00e4rvakandi<br \/>\n-Jean Mabire<br \/>\n-Jedem das Seine<br \/>\n-Johanna Franziska von Hohenzollern-Sigmaringen<br \/>\n-Johannisfriedhof (N\u00fcrnberg)<br \/>\n-Johann Wilhelm von Phul \/(1739 \u2013 1792)<br \/>\n-Jos\u00e9phine de Beauharnais<br \/>\n-Joseph von Ellrichshausen<br \/>\n-J\u00fcrgen von Ungern-Sternberg<br \/>\n-Julius Evola<br \/>\n-K\u00e4rdla<br \/>\n-Karl Friedrich Reinhard<br \/>\n-Karl I. (W\u00fcrttemberg)<br \/>\n-Kirn<br \/>\n-Kloster Christgarten<br \/>\n-Kre\u00df von Kressenstein<br \/>\n-La Petite-Pierre (deutsch: L\u00fctzelstein)<br \/>\n-Leonid Abramowitsch Jusefowitsch<br \/>\n-Leopold von Andrian<br \/>\n-Les hommes d\u2019aujourd\u2019hui<br \/>\n-Limburg-Stirum<br \/>\n-Liste der Bisch\u00f6fe von Worms<br \/>\n-Lore Sporhan-Krempel<br \/>\n-Ludwig H\u00f6rmann von H\u00f6rbach<br \/>\n-Ludwig Philipp (Pfalz-Guttenberg)<br \/>\n-Marquardtbau<br \/>\n-Matthes Gebel<br \/>\n-Maximilian Freiherr von Wimpffen<br \/>\n-Maximilian von Gagern (Gesandter)<br \/>\n-Minfeld<br \/>\n-Mollberg<br \/>\n-Moritz von Todesco<br \/>\n-Neues Allgemeines deutsches Adels-Lexicon<br \/>\n-Neuhaus a. d. Pegnitz<br \/>\n-Neuhaus (Gemeinde Weissenbach an der Triesting)<br \/>\n-Neuried (Baden)<br \/>\n-Meir von Rothenburg<br \/>\n-Neuried (Baden)<br \/>\n-Siegmund Theodor von Berckheim<br \/>\n-\u00d6sterreichischer Erbfolgekrieg<br \/>\n-Orden vom Goldenen Vlies<br \/>\n-Ordre royal et militaire de Saint-Louis<br \/>\n-Ottrot<br \/>\n-Ow (Adelsgeschlecht)<br \/>\n-Palais P\u00e1lffy (Josefsplatz)<br \/>\n-Palais Sina<br \/>\n-Patriziat (N\u00fcrnberg)<br \/>\n-Pauline von Montgelas<br \/>\n-Philipp Ferdinand von Limburg-Styrum<br \/>\n-Rastatter Kongress<br \/>\n-R\u00e9giment d\u2019infanterie de Royal Deux-Ponts<br \/>\n-Reichskleinodien<br \/>\n-Reitendes Feldj\u00e4gerkorps<br \/>\n-Ren\u00e9 Gu\u00e9non<br \/>\n-Rohrburg<br \/>\n-Roman von Ungern-Sternberg<br \/>\n-Sardinischer Krieg<br \/>\n-Schlacht von Beaumont<br \/>\n-Schlacht von Sedan<br \/>\n-Schloss Aichberg (Steiermark)<br \/>\n-Schloss Brunnsee<br \/>\n-Schloss Dhaun<br \/>\n-Schloss Kainberg<br \/>\n-Schloss Reitenau<br \/>\n-Schloss Wachendorf (Starzach)<br \/>\n-Siegfried Graf von Wimpffen<br \/>\n-Simon Graf von Wimpffen<br \/>\n-Sopron<br \/>\n-Staatsstreich des 18. Brumaire VIII<br \/>\n-Stuttgarter Zwei-Kaiser-Treffen<br \/>\n-Theodor von H\u00f6rmann<br \/>\n-Tucher von Simmelsdorf<br \/>\n-Ungern-Sternberg<br \/>\n-Unterb\u00fcrg<br \/>\n-Weinheimer Schloss<br \/>\n-Vladimir Pozner<br \/>\n-Wachendorf (Starzach)<br \/>\n-Wilhelm von Wimpfen<br \/>\n-Wilhermsdorf<br \/>\n-Wimpffen, Franz Ludwig von<br \/>\n-W\u00fcrttembergische Armee<br \/>\n-Ziegesar (Adelsgeschlecht)<\/p>\n<p>fr.wikipedia:<br \/>\n-Armorial g\u00e9n\u00e9ral de France (1696 \u2013 1700), Haute et Basse Alsace &#8211; Strasbourg<br \/>\n-Bataille de Br\u00e9court<br \/>\n-Famille von Wimpffen<br \/>\n-Ordre royal et militaire de Saint Louis<\/p>\n<p>wiki-de.genealogy.net:<br \/>\n-Gemeinschaft Guttenberg<br \/>\naus Wikisource, der freien Quellensammlung:<br \/>\n-ADB: Hertzog,, Bernhard<br \/>\n-ADB: Moltke, Helmuth Graf von<br \/>\n-ADB: Reinhard, Karl Friedrich von<br \/>\n-ADB: Wimpffen, Friedrich Ludwig (m\u00fcsste \u201eFranz Ludwig\u201c hei\u00dfen) Freiherr von<br \/>\n-ADB: Wimpffen, Maximilian Freiherr von<br \/>\n-BLK\u00d6: Ziegesar, Karl Wilhelm Freiherr<\/p>\n<p>woerterbuchnetz.de:<br \/>\n-St\u00e4ttemeister (stettmeister)<\/p>\n","protected":false},"excerpt":{"rendered":"<p>ahnen-und-wappen.de: -Familienwappen H\u00f6rmann, H\u00f6rmann von H\u00f6rbach oder H\u00f6rmann von und zu Guttenberg Baltisches Biographisches Lexikon digital: -Hoyningen-Huene, S. 342 \u2013 344 -Ungern-Sternnerg, S. 821 \u2013 829 burgen-austria.com: -Aichberg (Eichberg) -Gro\u00dflobming -Kainberg -Wallsee dw.com.de: Das blutige Ende des \u201ewei\u00dfen Barons\u201c; 05. 01. 2016 de.linkedin.com: -Dr. oec. HSG Franz Wimpffen deutsche-Biographie.de: -Gebel(l) (G\u00f6bbel, G\u00f6bl &#8230; ) Matthes, &hellip; <a href=\"https:\/\/wimpfen-geschichte.de\/von_wimpffen\/thema\/2-verwendete-darstellungen-im-internet-in-alphabetischer-ordnung-nach-den-titeln\/\" class=\"more-link\"><span class=\"screen-reader-text\">2. Verwendete Darstellungen im Internet in alphabetischer Ordnung nach den Titeln<\/span> weiterlesen<\/a><\/p>\n","protected":false},"author":1,"featured_media":0,"parent":2,"menu_order":28,"comment_status":"closed","ping_status":"closed","template":"","meta":{"footnotes":""},"_links":{"self":[{"href":"https:\/\/wimpfen-geschichte.de\/von_wimpffen\/wp-json\/wp\/v2\/pages\/410"}],"collection":[{"href":"https:\/\/wimpfen-geschichte.de\/von_wimpffen\/wp-json\/wp\/v2\/pages"}],"about":[{"href":"https:\/\/wimpfen-geschichte.de\/von_wimpffen\/wp-json\/wp\/v2\/types\/page"}],"author":[{"embeddable":true,"href":"https:\/\/wimpfen-geschichte.de\/von_wimpffen\/wp-json\/wp\/v2\/users\/1"}],"replies":[{"embeddable":true,"href":"https:\/\/wimpfen-geschichte.de\/von_wimpffen\/wp-json\/wp\/v2\/comments?post=410"}],"version-history":[{"count":15,"href":"https:\/\/wimpfen-geschichte.de\/von_wimpffen\/wp-json\/wp\/v2\/pages\/410\/revisions"}],"predecessor-version":[{"id":4161,"href":"https:\/\/wimpfen-geschichte.de\/von_wimpffen\/wp-json\/wp\/v2\/pages\/410\/revisions\/4161"}],"up":[{"embeddable":true,"href":"https:\/\/wimpfen-geschichte.de\/von_wimpffen\/wp-json\/wp\/v2\/pages\/2"}],"wp:attachment":[{"href":"https:\/\/wimpfen-geschichte.de\/von_wimpffen\/wp-json\/wp\/v2\/media?parent=410"}],"curies":[{"name":"wp","href":"https:\/\/api.w.org\/{rel}","templated":true}]}}