{"id":420,"date":"2016-06-12T12:32:43","date_gmt":"2016-06-12T10:32:43","guid":{"rendered":"http:\/\/wimpfen-geschichte.de\/von_wimpffen\/?page_id=420"},"modified":"2019-03-04T18:15:17","modified_gmt":"2019-03-04T17:15:17","slug":"4-bildgut","status":"publish","type":"page","link":"https:\/\/wimpfen-geschichte.de\/von_wimpffen\/thema\/4-bildgut\/","title":{"rendered":"4. Bildgut"},"content":{"rendered":"<p><u>Dr. Hans H. von Wimpffen<\/u>:<\/p>\n<p>-Aus dessen Website \u201ewimpffen.hu\u201d bzw. \u201ewimpffen.de\u201d, Rubriken \u201eBiografien\u201d oder \u201eGem\u00e4lde\u201d entnommene oder von ihm als Reproduktion im Ansichtskarten-Format erhaltenes Bildgut, das in jedem Fall entweder Gem\u00e4lde seiner Mutter Clara von Both-Wimpffen in ihrer Gesamtheit oder Ausschnitte aus solchen, dazuhin auch in seinem Besitz befindliches historisches Bildgut (Fotos von Personen, Bauwerken, Wappen) sowie auch Urkundengut wiedergibt: Abb. Nr. 1, 4, 16a, 16b, 17, 19, 20, 21, 30, 32, 35a, 35b, 35c, 41, 42, 51, 52, 53, 54, 55, 56, 59, 62, 63, 66, 79, 85, 89, 121a, 121b, 122, 123a, 123b, 124, 125a, 125b, 125c, 125d, 126a, 126b, 126c, 126d, 127, 129, 132, 133, 134, 135, 136, 137, 138, 139, 140, 141, 142, 143, 144, 145, 146, 147, 148, 149, 150, 151, 152, 153, 154, 155, 156, 157, 158, 159, 162.<\/p>\n<p><span style=\"text-decoration: underline;\">Eberhard Lutze<\/span>, Einst im alten N\u00fcrnberg. Sechs Jahrhunderte Kultur und Leben in zeitgen\u00f6ssischen Bildern und Dokumenten, Stuttgart 1939: 15a, 15b, 15c<\/p>\n<p><span style=\"text-decoration: underline;\">Allg\u00e4uer Zeitung, Bericht vom 01. 10. 2016<\/span>:<br \/>\n-Foto vom Renaissance-Hauptportal des H\u00f6rmann-Palais Kaufbeuren: 22b<\/p>\n<p><u>Aus dem Internet<\/u> (jeweils zun\u00e4chst Angabe des Suchbegriffs bzw. -textes):<\/p>\n<p>-Orte-Lexikon Nieder\u00f6sterreich. Wetzdorf: 2 und 3;<\/p>\n<p>-historisches-lexikon-Bayerns\/lexikon\/N\u00fcrnberg, Reichsstadt: Handel: 15d;<\/p>\n<p>-Wappen H\u00f6rmann von und zu Guttenberg: 24;<\/p>\n<p>-Wappen H\u00f6rmann von H\u00f6rbach: 26;<\/p>\n<p>-Burgen und Herrensitze in der N\u00fcrnberger Landschaft: Happurg 33; Rothenbruckh 36; Oberhirschbach 37;<\/p>\n<p>-Bayrische Staatsbibliothek\/M\u00fcnchener Digitalisierungszentrum sowie europeana.eu\/portal: Johann Friedrich von Wimpffen 38;<\/p>\n<p>-Region Nordbayern aktuell: H\u00f6rmannscher Sitz 40;<\/p>\n<p>-Source gallica.fr, Biblioth\u00e8que nationale de France: Msr Le Baron F\u00e9lix de Wimpffen deput\u00e9 48a und 48b; Emmanuel F\u00e9lix de Wimpffen 92;<\/p>\n<p>-\u00d6sterreichische Nationalbibliothek: Anastasia Freiin von Sina 68;<\/p>\n<p>-Wikipedia: Johanna Franziska von Hohenzollern-Sigmaringen, geborerne von Salm-Kyrburg 46a; Kainberg 58; Aichberg 60a, 60b, 60c; Palazzo Fini Venedig 61; Wien Palais Wimpffen 65; Eichberg aktuell 67a und 67b; Simon Alphons Reichsgraf von Wimpffen\/Neuhaus\/Farahfeld 69, 70a, 70b, 70 c; Arno Graf von Wimpffen 71 a , 71 b, 71 c; Emmanuel F\u00e9lix de Wimpffen 80 und 93; Helmuth von Moltke 102; Theodor Leonhard Rudolph von Ungern-Sternberg 107; Roman von Ungern-Sternberg (polnische Version) 111; Roman von Ungern-Sternberg (deutsche und englische Version) 117 a, 117b, 117 c; Schlacht bei Sedan (1870): 82; Anton von Werner, Kapitulations-Verhandlungen von Sedan: 84;<\/p>\n<p>-Les hommes d\u2019aujourd\u2019hui: Le G\u00e9n\u00e9ral de Wimpffen: 91;<\/p>\n<p>-Geni.com.people: Sophie Charlotte von Ungern-Sternberg 106; Constantin Robert Eginhard Maximilian Freiherr von Ungern-Sternberg 115;<\/p>\n<p>-Bogd Khan: 116;<\/p>\n<p>-Literatur-Angebote (Umschlagbilder; die Suchbegriffe entsprechen den jeweiligen Buchtiteln): 118, 119;<\/p>\n<p>-Baron Ungern-Sternberg und die Mongolei; Einladung von Atelier ZURAG Galerie &#8211; Mongolei Kultur Kunst Zentrum: 120;<\/p>\n<p>-Google Earth: H\u00f6chst\u00e4dt-Mollberg: 131.<\/p>\n<p><span style=\"text-decoration: underline;\">Skriptum der Ortsgruppe Kaufbeuren des Deutschen Evangelischen Frauenbundes (Verfasserin Helga Ilgenfritz)<\/span>:<br \/>\n-Foto der Vorderfront vom H\u00f6rmann-Palais Kaufbeuren: 22c<\/p>\n<p><u>Vom Verfasser reproduzierte Bild- und Textteile aus Buchwerken<\/u> (zun\u00e4chst Titel- und dann in Klammer Seitenangabe):<\/p>\n<p>-Constantin von Wurzbach \u201eDie Freiherren und Grafen von Wimpfen &#8230; Mit zwei Stammtafeln\u201d (1888): 5 (Seite 3), 6 (Seite III und IV), 8 und (ver\u00e4ndert) 14 (Seite 33); 9 und (ver\u00e4ndert) 34 (ohne Seitenangabe);<\/p>\n<p>-Theodor Hellbr\u00fcgge und J. Hermann von Wimpffen (Herausgeber), \u201eDie ersten 365 Tage eines Kindes. Die Entwicklung des S\u00e4uglings\u201d (2010): 10 (Vordere Umschlagseite);<\/p>\n<p>-Hans Hermann von Wimpffen, \u201eSauerkraut &#8230; \u201d\u00a0(1996): 11 (vordere Einbandseite);<\/p>\n<p>-Peter Fleischmann, \u201eRat und Patriziat in N\u00fcrnberg. Die Herrschaft der Ratsgeschlechter vom 13. bis zum 18. Jahrhundert, Band 2, &#8230; \u201d\u00a0(2008); 15 (Seite 347);<\/p>\n<p>-Bruno Bushart (Leiter des Ausstellungsausschusses), Katalogband der Ausstellung: \u201eWelt im Umbruch. Augsburg zwischen Renaissance und Barock, Band II: Rathaus. Ausstellung der Stadt Augsburg &#8230; anl\u00e4\u00dflich des 450. Jubil\u00e4ums der Confessio Augustana &#8230; \u201d (1980): 23 (S. 100 Nr. 448), 24 (Seite 213 Nr. 590);<\/p>\n<p>-Aubert (de la Chesnaye) des Bois, Fran\u00e7ois-Alexandre:<strong> \u201e<\/strong>Dictionaire de la noblesse, contenant les g\u00e9n\u00e9alogies, l\u2019histoire et la chronologie des familles nobles de France, l\u2019explication des leurs armes et l\u2019\u00e9tat des grandes terres du royaume; tome 12\u201d (1778): 27;<\/p>\n<p>-Hertzog, Bernard, Chronicon Alsatiae, Edelsasser Cronick unnd au\u00dff\u00fcrliche beschreibung des untern Elsasses am Rheinstrom &#8230; \u201d\u00a0(1592): 28 (Seite 43), 29 (Seite 155);<\/p>\n<p><strong>&#8211;<\/strong>Fran\u00e7ois Louis de Wimpffen, \u201eM\u00e9moires du G\u00e9n\u00e9ral Baron de Wimpffen &#8230; \u201d\u00a0(1788): 43 (Titelblatt), 44 (Seite 45 und 46 zusammengefasst);<\/p>\n<p>-Christina Egli (Bearbeiter) und Doris Muth (Mitwirkende), \u201eHistoire de la vie de la Princesse Am\u00e9lie Z\u00e9phyrine de Hohenzollern-Sigmaringen, n\u00e9e Princesse de Salm-Kyrburg &#8230; 1760 &#8211; 1831\u201d (2015): 45 (Seite 50), 46b (Seite 49), 46c (Seite 41), 47 (Seite 48);<\/p>\n<p>-F\u00e9lix Louis de Wimpffen, \u201eLe manuel de X\u00e9folius. Au Grand Orient\u201d (1788), 49 (Titelblatt);<\/p>\n<p>-Fran\u00e7ois Louis de Wimpffen, \u201eLes Loisiers du G\u00e9n\u00e9ral de Division Fran\u00e7ois Wimpffen &#8230;\u201d (1798): 50a (Titelblatt), 50b (ohne Seitenbezeichnung);<\/p>\n<p>-Ernst Heinrich Kneschke, \u201eDeutsche Grafenh\u00e4user der Gegenwart in heraldischer, historischer und genealogischer Hinsicht\u201d (1853): 57 (Seite 676);<\/p>\n<p>-Franz Ludwig von Wimpffen, \u201eBriefe eines Reisenden, geschrieben aus England, Frankreich, einem Theil von Afrka, und aus Nordamerika &#8230;\u201c (1814), 73 (Titelblatt);<\/p>\n<p>-Unbekannte Verfasser, \u201eAdressbuch der Stadt Stuttgart\u201d: 72 (1804, Seite 151), 74 (1829, Seite 121), 75 (1833, die Seitennummer blieb unnotiert), 76 (1860, die Seitennummer blieb unnotiert);<\/p>\n<p>-Sabine Thomsen, \u201eDie w\u00fcrttembergischen K\u00f6niginnen Charlotte Mathilde, Katharina, Pauline, Olga, Charlotte &#8211; ihr Leben und Wirken\u201d (2010): 77 (Seite 222);<\/p>\n<p>-Emmanuel F\u00e9lix de Wimpffen, \u201eSouvenirs de captivit\u00e9. De l\u2019instruction en Allemagne &#8230; \u201d\u00a0(1872): 87 (Titelblatt);<\/p>\n<p>-Emmanuel F\u00e9lix de Wimpffen, \u201eSedan par le G\u00e9n\u00e9ral de Wimpffen\u201d (1871): 88 (Titelblatt), 90 (zwischen Seite VIII und IX);<\/p>\n<p>-Karl Juris (Gestaltung), \u201eGedenkfeier 200 Jahre Schlacht bei Aspern 1809 am 24. Mai 2009\u201c (2009): 130 (Seite 19);<\/p>\n<p>-G\u00fcnther Haberhauer, \u201eUnser liebes altes Wimpfen\u201d (2002): 160a (Seite 186 unten), 160b (Seite 186 oben), 160c (Seite 185).<\/p>\n<p><u>Von Herrn Otto Maisenh\u00e4lder, Beerfelden\/Bad Wimpfen, aus seiner Sammlung erhaltene Urkunden-Kopien:<\/u> 78, 99, 100, 103, 109, 113.<\/p>\n<p><u>Fotos des Verfassers<\/u>: 96, 104, 110, 114, 161 a \u2013 161 c, 128.<\/p>\n<p><u>Foto von Frau Christine Teuchert, geb. Zotz, Marktoberdorf<\/u>: 22a.<\/p>\n<p><u>Skizzen und Text-Zusammenstellungen des Verfassers<\/u>: 81, 95, 97, 101.<\/p>\n<p><u>Aus Zeitungen entnommene Bilder und Texte<\/u>:<\/p>\n<p>-Allg\u00e4uer Zeitung, Foto im Bericht vom 01. 10. 2016: 22b;<\/p>\n<p><span style=\"line-height: 1.6471;\">-Der St\u00fcrmer, N\u00fcrnberger Wochenblatt Nr. 4\/1960: 64;<\/span><\/p>\n<p>-Schw\u00e4bische Chronik, Stuttgart vom 10. September 1870: 86;<\/p>\n<p>-Wimpfener Bote vom 17. April 1873: 94, vom 21. Februar 1875: 98; Wimpfener Zeitung vom 18. November 1879: 105, vom 27. September 1880: 108, vom 3. April 1881: 112.<\/p>\n<p><u>Nach Fotografischen Vorlagen des Stadtarchivs Bad Wimpfen<\/u>:<\/p>\n<p>-Stammbaum des J. W. St\u00f6r von ca.1750\/60 (vorliegend auf CD mit Volldarstellung sowie Teildarstellungen, deren Wiedergabe in G\u00e4nze oder Teilen, so weit \u00fcbernommen, in der Regel unter Beigabe von Ordnungsmerkmalen bzw. Erg\u00e4nzungen erfolgte): 7 (Volldarstellung), 12 (Teile der Stammzone), 13 (erg\u00e4nzend und korrigierend beschriftete Gesamtdarstellung), 16 (Detaildarstellung), 18 (Ausschnitt der linken Unterzone), 31 (Ausschnitt der rechten Unterzone), 39 (erg\u00e4nzend beschriftete mittlere und obere Kern- und Randzone);<\/p>\n<p>-Gerahmtes und verglastes Gedenkblatt aus dem Jahre 1895: 83.<\/p>\n<p><u>Aufnahmen vom 20. M\u00e4rz 2016 von Herrn Rudolf Fischer, Bad Wimpfen<\/u>: 161a, 161b, 161c.<\/p>\n","protected":false},"excerpt":{"rendered":"<p>Dr. Hans H. von Wimpffen: -Aus dessen Website \u201ewimpffen.hu\u201d bzw. \u201ewimpffen.de\u201d, Rubriken \u201eBiografien\u201d oder \u201eGem\u00e4lde\u201d entnommene oder von ihm als Reproduktion im Ansichtskarten-Format erhaltenes Bildgut, das in jedem Fall entweder Gem\u00e4lde seiner Mutter Clara von Both-Wimpffen in ihrer Gesamtheit oder Ausschnitte aus solchen, dazuhin auch in seinem Besitz befindliches historisches Bildgut (Fotos von Personen, Bauwerken, &hellip; <a href=\"https:\/\/wimpfen-geschichte.de\/von_wimpffen\/thema\/4-bildgut\/\" class=\"more-link\"><span class=\"screen-reader-text\">4. Bildgut<\/span> weiterlesen<\/a><\/p>\n","protected":false},"author":1,"featured_media":0,"parent":2,"menu_order":30,"comment_status":"closed","ping_status":"closed","template":"","meta":{"footnotes":""},"_links":{"self":[{"href":"https:\/\/wimpfen-geschichte.de\/von_wimpffen\/wp-json\/wp\/v2\/pages\/420"}],"collection":[{"href":"https:\/\/wimpfen-geschichte.de\/von_wimpffen\/wp-json\/wp\/v2\/pages"}],"about":[{"href":"https:\/\/wimpfen-geschichte.de\/von_wimpffen\/wp-json\/wp\/v2\/types\/page"}],"author":[{"embeddable":true,"href":"https:\/\/wimpfen-geschichte.de\/von_wimpffen\/wp-json\/wp\/v2\/users\/1"}],"replies":[{"embeddable":true,"href":"https:\/\/wimpfen-geschichte.de\/von_wimpffen\/wp-json\/wp\/v2\/comments?post=420"}],"version-history":[{"count":12,"href":"https:\/\/wimpfen-geschichte.de\/von_wimpffen\/wp-json\/wp\/v2\/pages\/420\/revisions"}],"predecessor-version":[{"id":2052,"href":"https:\/\/wimpfen-geschichte.de\/von_wimpffen\/wp-json\/wp\/v2\/pages\/420\/revisions\/2052"}],"up":[{"embeddable":true,"href":"https:\/\/wimpfen-geschichte.de\/von_wimpffen\/wp-json\/wp\/v2\/pages\/2"}],"wp:attachment":[{"href":"https:\/\/wimpfen-geschichte.de\/von_wimpffen\/wp-json\/wp\/v2\/media?parent=420"}],"curies":[{"name":"wp","href":"https:\/\/api.w.org\/{rel}","templated":true}]}}